{"id":8626,"date":"2025-06-08T18:12:59","date_gmt":"2025-06-08T18:12:59","guid":{"rendered":"https:\/\/aboulafia.co.il\/conditions-generales-dutilisation\/"},"modified":"2025-10-13T08:34:05","modified_gmt":"2025-10-13T08:34:05","slug":"conditions-generales-dutilisation","status":"publish","type":"page","link":"https:\/\/aboulafia.co.il\/fr\/conditions-generales-dutilisation\/","title":{"rendered":"Conditions G\u00e9n\u00e9rales d&rsquo;Utilisation"},"content":{"rendered":"\t\t<div data-elementor-type=\"wp-page\" data-elementor-id=\"8626\" class=\"elementor elementor-8626 elementor-6184\" data-elementor-post-type=\"page\">\n\t\t\t\t<div class=\"elementor-element elementor-element-5d749b9 e-flex e-con-boxed e-con e-parent\" data-id=\"5d749b9\" data-element_type=\"container\">\n\t\t\t\t\t<div class=\"e-con-inner\">\n\t\t\t\t<div class=\"elementor-element elementor-element-b615b64 elementor-widget elementor-widget-heading\" data-id=\"b615b64\" data-element_type=\"widget\" data-widget_type=\"heading.default\">\n\t\t\t\t<div class=\"elementor-widget-container\">\n\t\t\t\t\t<h2 class=\"elementor-heading-title elementor-size-default\">Conditions G\u00e9n\u00e9rales d'Utilisation du site Aboulafia Experts-Comptables<\/h2>\t\t\t\t<\/div>\n\t\t\t\t<\/div>\n\t\t\t\t<div class=\"elementor-element elementor-element-388047a elementor-widget-divider--view-line elementor-widget elementor-widget-divider\" data-id=\"388047a\" data-element_type=\"widget\" data-widget_type=\"divider.default\">\n\t\t\t\t<div class=\"elementor-widget-container\">\n\t\t\t\t\t\t\t<div class=\"elementor-divider\">\n\t\t\t<span class=\"elementor-divider-separator\">\n\t\t\t\t\t\t<\/span>\n\t\t<\/div>\n\t\t\t\t\t\t<\/div>\n\t\t\t\t<\/div>\n\t\t\t\t<div class=\"elementor-element elementor-element-2f38214 elementor-widget elementor-widget-text-editor\" data-id=\"2f38214\" data-element_type=\"widget\" data-widget_type=\"text-editor.default\">\n\t\t\t\t<div class=\"elementor-widget-container\">\n\t\t\t\t\t\t\t\t\t<p class=\"p1\" dir=\"rtl\"><strong>1. Acceptation des conditions d&rsquo;utilisation<\/strong><\/p><p class=\"p1\" dir=\"rtl\">\u2022 L&rsquo;utilisation du site et de son contenu est subordonn\u00e9e \u00e0 l&rsquo;accord du client \u00e0 l&rsquo;ensemble des conditions d\u00e9taill\u00e9es dans les pr\u00e9sentes conditions g\u00e9n\u00e9rales.<\/p><p class=\"p1\" dir=\"rtl\">\u2022 L&rsquo;utilisation du genre masculin dans les pr\u00e9sentes est faite uniquement par souci de commodit\u00e9, et les conditions s&rsquo;appliquent de mani\u00e8re \u00e9gale aux deux sexes.<\/p><p class=\"p1\" dir=\"rtl\">\u2022 L&rsquo;utilisation et la consultation du site sont soumises aux dispositions et conditions figurant dans les pr\u00e9sentes, \u00e0 la politique de confidentialit\u00e9 et au contenu du site lui-m\u00eame. Ces conditions s&rsquo;appliquent de mani\u00e8re inconditionnelle au client d\u00e8s son entr\u00e9e sur le site, et la lecture des pr\u00e9sentes conditions et dispositions vaut acceptation des conditions g\u00e9n\u00e9rales. <\/p><p class=\"p1\" dir=\"rtl\">\u2022 Le propri\u00e9taire du site se r\u00e9serve le droit de mettre \u00e0 jour et de modifier les conditions g\u00e9n\u00e9rales et leurs dispositions de temps \u00e0 autre.<\/p><p class=\"p1\" dir=\"rtl\">\u2022 En cas de contradiction ou d&rsquo;incompatibilit\u00e9 entre les dispositions des conditions g\u00e9n\u00e9rales et toute autre publication, les dispositions des conditions g\u00e9n\u00e9rales pr\u00e9vaudront.<\/p><p class=\"p1\" dir=\"rtl\">\u2022 Un client et\/ou un utilisateur qui a fourni\/saisi ses coordonn\u00e9es personnelles et qui a autoris\u00e9, lors de la saisie des donn\u00e9es, la r\u00e9ception d&rsquo;informations du site, le client et\/ou l&rsquo;utilisateur sera inclus dans la base de donn\u00e9es clients du site et recevra des informations de celle-ci de temps \u00e0 autre, selon la d\u00e9cision du propri\u00e9taire du site. L&rsquo;approbation du client et\/ou de l&rsquo;utilisateur conform\u00e9ment \u00e0 la pr\u00e9sente section constituera un consentement \u00e0 recevoir des informations publicitaires et marketing de la soci\u00e9t\u00e9 comme indiqu\u00e9, conform\u00e9ment \u00e0 la Loi sur les communications (Bezeq et diffusions), 5742 \u2013 1982. Cette approbation restera en vigueur jusqu&rsquo;\u00e0 son annulation par le client, par notification explicite \u00e0 la soci\u00e9t\u00e9.  <\/p><p class=\"p1\" dir=\"rtl\">\u2022 En soumettant ses coordonn\u00e9es personnelles au site, le client confirme les conditions g\u00e9n\u00e9rales, y compris la r\u00e9ception de mat\u00e9riel publicitaire par SMS, courrier \u00e9lectronique et autres canaux.<\/p><p class=\"p1\" dir=\"rtl\"><strong>2. Le Site<\/strong><\/p><p class=\"p1\" dir=\"rtl\">\u2022 Le site Aboulafia et Avital Sharansky Experts-Comptables fournit des services d&rsquo;expertise comptable et de conseil.<\/p><p class=\"p1\" dir=\"rtl\"><strong>3. Coordonn\u00e9es de contact<\/strong><\/p><p class=\"p1\" dir=\"rtl\">\u2022 Les moyens de contact avec le propri\u00e9taire du site et\/ou toute personne en son nom, pour toute question, seront effectu\u00e9s de la mani\u00e8re et par les moyens d\u00e9termin\u00e9s par lui, \u00e0 sa seule discr\u00e9tion, qui pourra \u00eatre \u00e9tablie de temps \u00e0 autre.<\/p><p class=\"p1\" dir=\"rtl\">\u2022 Les coordonn\u00e9es de contact avec le propri\u00e9taire du site et\/ou toute personne en son nom, pour toute question, sont:<\/p><p class=\"p1\" dir=\"rtl\">T\u00e9l\u00e9phone : 03-5370080<\/p><p class=\"p1\" dir=\"rtl\">E-mail : <span \n                data-original-string='7Fg8BEIzZV9RxP4X4QzGGQ==2e9A17F+vTwNhQ48o5ShdBypTnLK5+XFxt\/uHVYUCdwPEw='\n                class='apbct-email-encoder'\n                title='This contact has been encoded by Anti-Spam by CleanTalk. Click to decode. To finish the decoding make sure that JavaScript is enabled in your browser.'>In<span class=\"apbct-blur\">**<\/span>@<span class=\"apbct-blur\">**********<\/span>co.il<\/span><\/p><p class=\"p1\" dir=\"rtl\"><strong>4. D\u00e9clarations du client<\/strong><\/p><p class=\"p1\" dir=\"rtl\">\u2022 L&rsquo;inscription au service est personnelle et n&rsquo;est pas transf\u00e9rable ou utilisable par un tiers.<\/p><p class=\"p1\" dir=\"rtl\"><strong>5. Conditions de paiement<\/strong><\/p><p class=\"p1\" dir=\"rtl\"><strong>6. Politique d&rsquo;annulation de transaction<\/strong><\/p><p class=\"p1\" dir=\"rtl\">\u2022 La commande peut \u00eatre annul\u00e9e jusqu&rsquo;\u00e0 14 jours \u00e0 compter de la date de la transaction, \u00e0 condition que l&rsquo;annulation soit effectu\u00e9e au moins 48 heures avant la date pr\u00e9vue pour la prestation du service.<\/p><p class=\"p1\" dir=\"rtl\">\u2022 Les frais d&rsquo;annulation s&rsquo;\u00e9l\u00e8veront \u00e0 5 % du montant de la transaction ou \u00e0 100 ILS (Shekels isra\u00e9liens), le montant le plus faible \u00e9tant retenu.<\/p><p class=\"p1\" dir=\"rtl\">\u2022 Le remboursement financier sera transf\u00e9r\u00e9 au client dans les 7 jours ouvrables suivant la r\u00e9ception de la notification d&rsquo;annulation.<\/p><p class=\"p1\" dir=\"rtl\"><strong>7. Politique de protection et de confidentialit\u00e9<\/strong><\/p><p class=\"p1\" dir=\"rtl\">\u2022 Le site collecte des informations personnelles, notamment le nom, le num\u00e9ro de t\u00e9l\u00e9phone, l&rsquo;adresse e-mail et les d\u00e9tails du v\u00e9hicule (si pertinent), dans le seul but de g\u00e9rer les commandes, la communication et la coordination du service.<\/p><p class=\"p1\" dir=\"rtl\">\u2022 Le propri\u00e9taire du site s&rsquo;engage \u00e0 ce que les informations personnelles du client ne soient pas transf\u00e9r\u00e9es \u00e0 des tiers au-del\u00e0 des besoins d&rsquo;ex\u00e9cution du service, y compris la soci\u00e9t\u00e9 de compensation, sauf s&rsquo;il existe une exigence l\u00e9gale de le faire.<\/p><p class=\"p1\" dir=\"rtl\">\u2022 Le propri\u00e9taire du site fait tout son possible pour prot\u00e9ger les informations personnelles du client par des mesures de s\u00e9curit\u00e9 avanc\u00e9es, mais le site ne peut garantir de mani\u00e8re absolue la s\u00e9curit\u00e9 de toutes les informations envoy\u00e9es via Internet.<\/p><p class=\"p1\" dir=\"rtl\"><strong>9. Violation des proc\u00e9dures du site<\/strong><\/p><p class=\"p1\" dir=\"rtl\">\u2022 Tout le contenu du site, y compris les vid\u00e9os, les images, les graphiques, les conceptions et tout autre contenu apparaissant sur le site, est prot\u00e9g\u00e9 par le droit d&rsquo;auteur. L&rsquo;utilisateur et\/ou le client n&rsquo;est pas autoris\u00e9 \u00e0 copier, reproduire, distribuer, transmettre, publier, vendre ou cr\u00e9er des \u0153uvres d\u00e9riv\u00e9es \u00e0 partir du contenu du site de quelque mani\u00e8re que ce soit, sans le consentement \u00e9crit pr\u00e9alable du propri\u00e9taire du site. <\/p><p class=\"p1\" dir=\"rtl\">\u2022 Le client ne sera pas autoris\u00e9 \u00e0 transf\u00e9rer ou \u00e0 c\u00e9der ses droits et\/ou obligations en vertu du pr\u00e9sent accord, ou toute partie de ceux-ci, \u00e0 un tiers.<\/p><p class=\"p1\" dir=\"rtl\">\u2022 Le client et\/ou l&rsquo;utilisateur d\u00e9clare qu&rsquo;il ne prendra aucune mesure ou omission susceptible de nuire \u00e0 la r\u00e9putation du site et du propri\u00e9taire du site, directement ou indirectement.<\/p><p class=\"p1\" dir=\"rtl\">\u2022 Le propri\u00e9taire du site se r\u00e9serve le droit de prendre des sanctions en cas de violation des conditions d&rsquo;utilisation. Ces sanctions peuvent inclure les actions suivantes : le blocage de l&rsquo;acc\u00e8s de l&rsquo;utilisateur et\/ou du client au site, une action en justice pour obtenir r\u00e9paration des dommages caus\u00e9s au propri\u00e9taire du site et\/ou au site et\/ou \u00e0 d&rsquo;autres parties \u00e0 la suite de la violation des conditions g\u00e9n\u00e9rales. <\/p><p class=\"p1\" dir=\"rtl\"><strong>10. Accessibilit\u00e9<\/strong><\/p><p class=\"p1\" dir=\"rtl\">\u2022 Le site Aboulafia et Avital Sharansky Experts-Comptables utilise les services d&rsquo;un logiciel d&rsquo;accessibilit\u00e9 pour les utilisateurs handicap\u00e9s et s&rsquo;est fix\u00e9 pour objectif d&rsquo;offrir une exp\u00e9rience de navigation optimale \u00e0 tous les utilisateurs, quelles que soient leurs limitations.<\/p><p class=\"p1\" dir=\"rtl\">\u2022 Nonobstant ce qui pr\u00e9c\u00e8de, il est possible que certaines pages du site ne soient pas encore enti\u00e8rement accessibles, ou qu&rsquo;une solution technologique appropri\u00e9e n&rsquo;ait pas encore \u00e9t\u00e9 trouv\u00e9e pour elles. Le propri\u00e9taire du site s&rsquo;excuse pour tout d\u00e9sagr\u00e9ment potentiel et continue d&rsquo;investir des efforts pour am\u00e9liorer l&rsquo;accessibilit\u00e9 et la qualit\u00e9 de la navigation, par un engagement sinc\u00e8re et v\u00e9ritable envers l&rsquo;ensemble des utilisateurs. <\/p><p class=\"p1\" dir=\"rtl\">\u2022 Vous pouvez contacter le coordinateur d&rsquo;accessibilit\u00e9 pour toute question \u00e0 l&rsquo;adresse e-mail : <strong><span \n                data-original-string='HBCBpv7pZgg\/E+MEMByXfQ==2e98732ZOkJOUpK1Ked7SlIDRKh2lQFVugR7VzTBtUGFfk='\n                class='apbct-email-encoder'\n                title='This contact has been encoded by Anti-Spam by CleanTalk. Click to decode. To finish the decoding make sure that JavaScript is enabled in your browser.'>In<span class=\"apbct-blur\">**<\/span>@<span class=\"apbct-blur\">**********<\/span>co.il<\/span><\/strong><\/p><p class=\"p1\" dir=\"rtl\"><strong>11. Divers<\/strong><\/p><p class=\"p1\" dir=\"rtl\">\u2022 Le client d\u00e9clare que toutes les informations fournies lors de la commande sont exactes et pr\u00e9cises, et il s&rsquo;engage \u00e0 informer le propri\u00e9taire du site de tout changement les concernant.<\/p><p class=\"p1\" dir=\"rtl\">\u2022 Le propri\u00e9taire du site sera autoris\u00e9 \u00e0 c\u00e9der ses droits et\/ou obligations en vertu des pr\u00e9sentes conditions g\u00e9n\u00e9rales, en tout ou en partie, \u00e0 tout tiers, \u00e0 sa seule discr\u00e9tion et sans pr\u00e9avis, y compris des transferts partiels, r\u00e9p\u00e9t\u00e9s et suppl\u00e9mentaires \u00e0 sa discr\u00e9tion.<\/p><p class=\"p1\" dir=\"rtl\">\u2022 Le client confirme avoir lu les dispositions des conditions g\u00e9n\u00e9rales avant l&rsquo;inscription, et par l&rsquo;inscription au programme, le client d\u00e9clare et confirme avoir lu, compris et accept\u00e9 les dispositions des conditions g\u00e9n\u00e9rales, et s&rsquo;engage \u00e0 n&rsquo;avoir aucune r\u00e9clamation, exigence ou poursuite contre le propri\u00e9taire du site ou toute personne en son nom concernant les conditions d&rsquo;inscription ou les dispositions des conditions g\u00e9n\u00e9rales du programme.<\/p><p class=\"p1\" dir=\"rtl\">\u2022 Les conditions et dispositions d\u00e9taill\u00e9es dans les conditions d&rsquo;utilisation, ainsi que toute modification ou amendement, de m\u00eame que l&rsquo;utilisation du site, sont soumises aux lois de l&rsquo;\u00c9tat d&rsquo;Isra\u00ebl. Tout litige ou d\u00e9saccord qui pourrait survenir concernant l&rsquo;utilisation du site sera discut\u00e9 et r\u00e9solu devant les tribunaux comp\u00e9tents de la ville de Tel Aviv-Yafo. <\/p><p class=\"p1\" dir=\"rtl\">\u2022 Tout retard ou abstention du propri\u00e9taire du site dans l&rsquo;exercice d&rsquo;un droit qui lui est d\u00fb conform\u00e9ment aux conditions g\u00e9n\u00e9rales ne sera pas consid\u00e9r\u00e9 comme une renonciation \u00e0 ce droit.<\/p>\t\t\t\t\t\t\t\t<\/div>\n\t\t\t\t<\/div>\n\t\t\t\t\t<\/div>\n\t\t\t\t<\/div>\n\t\t\t\t<\/div>\n\t\t","protected":false},"excerpt":{"rendered":"<p>Conditions G\u00e9n\u00e9rales d&rsquo;Utilisation du site Aboulafia Experts-Comptables 1. Acceptation des conditions d&rsquo;utilisation \u2022 L&rsquo;utilisation du site et de son contenu est subordonn\u00e9e \u00e0 l&rsquo;accord du client \u00e0 l&rsquo;ensemble des conditions d\u00e9taill\u00e9es dans les pr\u00e9sentes conditions g\u00e9n\u00e9rales. \u2022 L&rsquo;utilisation du genre masculin dans les pr\u00e9sentes est faite uniquement par souci de commodit\u00e9, et les conditions s&rsquo;appliquent [&hellip;]<\/p>\n","protected":false},"author":1,"featured_media":0,"parent":0,"menu_order":0,"comment_status":"closed","ping_status":"closed","template":"","meta":{"_acf_changed":false,"footnotes":""},"class_list":["post-8626","page","type-page","status-publish","hentry"],"acf":[],"yoast_head":"<!-- This site is optimized with the Yoast SEO plugin v25.2 - https:\/\/yoast.com\/wordpress\/plugins\/seo\/ -->\n<title>Conditions G\u00e9n\u00e9rales d&#039;Utilisation - \u05d0\u05d1\u05d5\u05dc\u05e2\u05e4\u05d9\u05d4 \u05d0\u05d1\u05d9\u05d8\u05dc \u05d0\u05ea \u05e9\u05e8\u05e0\u05e1\u05e7\u05d9 \u05e8\u05d5\u05d0\u05d9 \u05d7\u05e9\u05d1\u05d5\u05df | Aboulafia, Avital, Shrensky &amp; Co. Accountants<\/title>\n<meta name=\"robots\" content=\"index, follow, max-snippet:-1, max-image-preview:large, max-video-preview:-1\" \/>\n<link rel=\"canonical\" href=\"https:\/\/aboulafia.co.il\/fr\/conditions-generales-dutilisation\/\" \/>\n<meta property=\"og:locale\" content=\"fr_FR\" \/>\n<meta property=\"og:type\" content=\"article\" \/>\n<meta property=\"og:title\" content=\"Conditions G\u00e9n\u00e9rales d&#039;Utilisation - \u05d0\u05d1\u05d5\u05dc\u05e2\u05e4\u05d9\u05d4 \u05d0\u05d1\u05d9\u05d8\u05dc \u05d0\u05ea \u05e9\u05e8\u05e0\u05e1\u05e7\u05d9 \u05e8\u05d5\u05d0\u05d9 \u05d7\u05e9\u05d1\u05d5\u05df | Aboulafia, Avital, Shrensky &amp; Co. Accountants\" \/>\n<meta property=\"og:description\" content=\"Conditions G\u00e9n\u00e9rales d&rsquo;Utilisation du site Aboulafia Experts-Comptables 1. Acceptation des conditions d&rsquo;utilisation \u2022 L&rsquo;utilisation du site et de son contenu est subordonn\u00e9e \u00e0 l&rsquo;accord du client \u00e0 l&rsquo;ensemble des conditions d\u00e9taill\u00e9es dans les pr\u00e9sentes conditions g\u00e9n\u00e9rales. \u2022 L&rsquo;utilisation du genre masculin dans les pr\u00e9sentes est faite uniquement par souci de commodit\u00e9, et les conditions s&rsquo;appliquent [&hellip;]\" \/>\n<meta property=\"og:url\" content=\"https:\/\/aboulafia.co.il\/fr\/conditions-generales-dutilisation\/\" \/>\n<meta property=\"og:site_name\" content=\"\u05d0\u05d1\u05d5\u05dc\u05e2\u05e4\u05d9\u05d4 \u05d0\u05d1\u05d9\u05d8\u05dc \u05d0\u05ea \u05e9\u05e8\u05e0\u05e1\u05e7\u05d9 \u05e8\u05d5\u05d0\u05d9 \u05d7\u05e9\u05d1\u05d5\u05df | Aboulafia, Avital, Shrensky &amp; Co. Accountants\" \/>\n<meta property=\"article:modified_time\" content=\"2025-10-13T08:34:05+00:00\" \/>\n<meta name=\"twitter:card\" content=\"summary_large_image\" \/>\n<meta name=\"twitter:label1\" content=\"Dur\u00e9e de lecture estim\u00e9e\" \/>\n\t<meta name=\"twitter:data1\" content=\"6 minutes\" \/>\n<script type=\"application\/ld+json\" class=\"yoast-schema-graph\">{\"@context\":\"https:\/\/schema.org\",\"@graph\":[{\"@type\":\"WebPage\",\"@id\":\"https:\/\/aboulafia.co.il\/fr\/conditions-generales-dutilisation\/\",\"url\":\"https:\/\/aboulafia.co.il\/fr\/conditions-generales-dutilisation\/\",\"name\":\"Conditions G\u00e9n\u00e9rales d'Utilisation - \u05d0\u05d1\u05d5\u05dc\u05e2\u05e4\u05d9\u05d4 \u05d0\u05d1\u05d9\u05d8\u05dc \u05d0\u05ea \u05e9\u05e8\u05e0\u05e1\u05e7\u05d9 \u05e8\u05d5\u05d0\u05d9 \u05d7\u05e9\u05d1\u05d5\u05df | Aboulafia, Avital, Shrensky &amp; Co. Accountants\",\"isPartOf\":{\"@id\":\"https:\/\/aboulafia.co.il\/fr\/#website\"},\"datePublished\":\"2025-06-08T18:12:59+00:00\",\"dateModified\":\"2025-10-13T08:34:05+00:00\",\"breadcrumb\":{\"@id\":\"https:\/\/aboulafia.co.il\/fr\/conditions-generales-dutilisation\/#breadcrumb\"},\"inLanguage\":\"fr-FR\",\"potentialAction\":[{\"@type\":\"ReadAction\",\"target\":[\"https:\/\/aboulafia.co.il\/fr\/conditions-generales-dutilisation\/\"]}]},{\"@type\":\"BreadcrumbList\",\"@id\":\"https:\/\/aboulafia.co.il\/fr\/conditions-generales-dutilisation\/#breadcrumb\",\"itemListElement\":[{\"@type\":\"ListItem\",\"position\":1,\"name\":\"\u05d3\u05e3 \u05d4\u05d1\u05d9\u05ea\",\"item\":\"https:\/\/aboulafia.co.il\/fr\/\"},{\"@type\":\"ListItem\",\"position\":2,\"name\":\"Conditions G\u00e9n\u00e9rales d'Utilisation\"}]},{\"@type\":\"WebSite\",\"@id\":\"https:\/\/aboulafia.co.il\/fr\/#website\",\"url\":\"https:\/\/aboulafia.co.il\/fr\/\",\"name\":\"\u05d0\u05d1\u05d5\u05dc\u05e2\u05e4\u05d9\u05d4 \u05d0\u05d1\u05d9\u05d8\u05dc \u05d0\u05ea \u05e9\u05e8\u05e0\u05e1\u05e7\u05d9 \u05e8\u05d5\u05d0\u05d9 \u05d7\u05e9\u05d1\u05d5\u05df | Aboulafia, Avital, Shrensky &amp; Co. Accountants\",\"description\":\"\u05de\u05e9\u05e8\u05d3 \u05e8\u05d5\u05d0\u05d9 \u05d7\u05e9\u05d1\u05d5\u05df  |  CPA firm\",\"potentialAction\":[{\"@type\":\"SearchAction\",\"target\":{\"@type\":\"EntryPoint\",\"urlTemplate\":\"https:\/\/aboulafia.co.il\/fr\/?s={search_term_string}\"},\"query-input\":{\"@type\":\"PropertyValueSpecification\",\"valueRequired\":true,\"valueName\":\"search_term_string\"}}],\"inLanguage\":\"fr-FR\"}]}<\/script>\n<!-- \/ Yoast SEO plugin. -->","yoast_head_json":{"title":"Conditions G\u00e9n\u00e9rales d'Utilisation - \u05d0\u05d1\u05d5\u05dc\u05e2\u05e4\u05d9\u05d4 \u05d0\u05d1\u05d9\u05d8\u05dc \u05d0\u05ea \u05e9\u05e8\u05e0\u05e1\u05e7\u05d9 \u05e8\u05d5\u05d0\u05d9 \u05d7\u05e9\u05d1\u05d5\u05df | Aboulafia, Avital, Shrensky &amp; Co. Accountants","robots":{"index":"index","follow":"follow","max-snippet":"max-snippet:-1","max-image-preview":"max-image-preview:large","max-video-preview":"max-video-preview:-1"},"canonical":"https:\/\/aboulafia.co.il\/fr\/conditions-generales-dutilisation\/","og_locale":"fr_FR","og_type":"article","og_title":"Conditions G\u00e9n\u00e9rales d'Utilisation - \u05d0\u05d1\u05d5\u05dc\u05e2\u05e4\u05d9\u05d4 \u05d0\u05d1\u05d9\u05d8\u05dc \u05d0\u05ea \u05e9\u05e8\u05e0\u05e1\u05e7\u05d9 \u05e8\u05d5\u05d0\u05d9 \u05d7\u05e9\u05d1\u05d5\u05df | Aboulafia, Avital, Shrensky &amp; Co. Accountants","og_description":"Conditions G\u00e9n\u00e9rales d&rsquo;Utilisation du site Aboulafia Experts-Comptables 1. Acceptation des conditions d&rsquo;utilisation \u2022 L&rsquo;utilisation du site et de son contenu est subordonn\u00e9e \u00e0 l&rsquo;accord du client \u00e0 l&rsquo;ensemble des conditions d\u00e9taill\u00e9es dans les pr\u00e9sentes conditions g\u00e9n\u00e9rales. \u2022 L&rsquo;utilisation du genre masculin dans les pr\u00e9sentes est faite uniquement par souci de commodit\u00e9, et les conditions s&rsquo;appliquent [&hellip;]","og_url":"https:\/\/aboulafia.co.il\/fr\/conditions-generales-dutilisation\/","og_site_name":"\u05d0\u05d1\u05d5\u05dc\u05e2\u05e4\u05d9\u05d4 \u05d0\u05d1\u05d9\u05d8\u05dc \u05d0\u05ea \u05e9\u05e8\u05e0\u05e1\u05e7\u05d9 \u05e8\u05d5\u05d0\u05d9 \u05d7\u05e9\u05d1\u05d5\u05df | Aboulafia, Avital, Shrensky &amp; Co. Accountants","article_modified_time":"2025-10-13T08:34:05+00:00","twitter_card":"summary_large_image","twitter_misc":{"Dur\u00e9e de lecture estim\u00e9e":"6 minutes"},"schema":{"@context":"https:\/\/schema.org","@graph":[{"@type":"WebPage","@id":"https:\/\/aboulafia.co.il\/fr\/conditions-generales-dutilisation\/","url":"https:\/\/aboulafia.co.il\/fr\/conditions-generales-dutilisation\/","name":"Conditions G\u00e9n\u00e9rales d'Utilisation - \u05d0\u05d1\u05d5\u05dc\u05e2\u05e4\u05d9\u05d4 \u05d0\u05d1\u05d9\u05d8\u05dc \u05d0\u05ea \u05e9\u05e8\u05e0\u05e1\u05e7\u05d9 \u05e8\u05d5\u05d0\u05d9 \u05d7\u05e9\u05d1\u05d5\u05df | Aboulafia, Avital, Shrensky &amp; Co. Accountants","isPartOf":{"@id":"https:\/\/aboulafia.co.il\/fr\/#website"},"datePublished":"2025-06-08T18:12:59+00:00","dateModified":"2025-10-13T08:34:05+00:00","breadcrumb":{"@id":"https:\/\/aboulafia.co.il\/fr\/conditions-generales-dutilisation\/#breadcrumb"},"inLanguage":"fr-FR","potentialAction":[{"@type":"ReadAction","target":["https:\/\/aboulafia.co.il\/fr\/conditions-generales-dutilisation\/"]}]},{"@type":"BreadcrumbList","@id":"https:\/\/aboulafia.co.il\/fr\/conditions-generales-dutilisation\/#breadcrumb","itemListElement":[{"@type":"ListItem","position":1,"name":"\u05d3\u05e3 \u05d4\u05d1\u05d9\u05ea","item":"https:\/\/aboulafia.co.il\/fr\/"},{"@type":"ListItem","position":2,"name":"Conditions G\u00e9n\u00e9rales d'Utilisation"}]},{"@type":"WebSite","@id":"https:\/\/aboulafia.co.il\/fr\/#website","url":"https:\/\/aboulafia.co.il\/fr\/","name":"\u05d0\u05d1\u05d5\u05dc\u05e2\u05e4\u05d9\u05d4 \u05d0\u05d1\u05d9\u05d8\u05dc \u05d0\u05ea \u05e9\u05e8\u05e0\u05e1\u05e7\u05d9 \u05e8\u05d5\u05d0\u05d9 \u05d7\u05e9\u05d1\u05d5\u05df | Aboulafia, Avital, Shrensky &amp; Co. Accountants","description":"\u05de\u05e9\u05e8\u05d3 \u05e8\u05d5\u05d0\u05d9 \u05d7\u05e9\u05d1\u05d5\u05df  |  CPA firm","potentialAction":[{"@type":"SearchAction","target":{"@type":"EntryPoint","urlTemplate":"https:\/\/aboulafia.co.il\/fr\/?s={search_term_string}"},"query-input":{"@type":"PropertyValueSpecification","valueRequired":true,"valueName":"search_term_string"}}],"inLanguage":"fr-FR"}]}},"_links":{"self":[{"href":"https:\/\/aboulafia.co.il\/fr\/wp-json\/wp\/v2\/pages\/8626","targetHints":{"allow":["GET"]}}],"collection":[{"href":"https:\/\/aboulafia.co.il\/fr\/wp-json\/wp\/v2\/pages"}],"about":[{"href":"https:\/\/aboulafia.co.il\/fr\/wp-json\/wp\/v2\/types\/page"}],"author":[{"embeddable":true,"href":"https:\/\/aboulafia.co.il\/fr\/wp-json\/wp\/v2\/users\/1"}],"replies":[{"embeddable":true,"href":"https:\/\/aboulafia.co.il\/fr\/wp-json\/wp\/v2\/comments?post=8626"}],"version-history":[{"count":1,"href":"https:\/\/aboulafia.co.il\/fr\/wp-json\/wp\/v2\/pages\/8626\/revisions"}],"predecessor-version":[{"id":8627,"href":"https:\/\/aboulafia.co.il\/fr\/wp-json\/wp\/v2\/pages\/8626\/revisions\/8627"}],"wp:attachment":[{"href":"https:\/\/aboulafia.co.il\/fr\/wp-json\/wp\/v2\/media?parent=8626"}],"curies":[{"name":"wp","href":"https:\/\/api.w.org\/{rel}","templated":true}]}}