{"id":8622,"date":"2025-06-08T18:19:26","date_gmt":"2025-06-08T18:19:26","guid":{"rendered":"https:\/\/aboulafia.co.il\/declaration-daccessibilite\/"},"modified":"2025-10-13T08:18:43","modified_gmt":"2025-10-13T08:18:43","slug":"declaration-daccessibilite","status":"publish","type":"page","link":"https:\/\/aboulafia.co.il\/fr\/declaration-daccessibilite\/","title":{"rendered":"D\u00e9claration d&rsquo;accessibilit\u00e9"},"content":{"rendered":"\t\t<div data-elementor-type=\"wp-page\" data-elementor-id=\"8622\" class=\"elementor elementor-8622 elementor-6193\" data-elementor-post-type=\"page\">\n\t\t\t\t<div class=\"elementor-element elementor-element-53fed0e e-flex e-con-boxed e-con e-parent\" data-id=\"53fed0e\" data-element_type=\"container\">\n\t\t\t\t\t<div class=\"e-con-inner\">\n\t\t\t\t<div class=\"elementor-element elementor-element-9100244 elementor-widget elementor-widget-heading\" data-id=\"9100244\" data-element_type=\"widget\" data-widget_type=\"heading.default\">\n\t\t\t\t<div class=\"elementor-widget-container\">\n\t\t\t\t\t<h2 class=\"elementor-heading-title elementor-size-default\">D\u00e9claration d'accessibilit\u00e9<\/h2>\t\t\t\t<\/div>\n\t\t\t\t<\/div>\n\t\t\t\t<div class=\"elementor-element elementor-element-8d5d164 elementor-widget-divider--view-line elementor-widget elementor-widget-divider\" data-id=\"8d5d164\" data-element_type=\"widget\" data-widget_type=\"divider.default\">\n\t\t\t\t<div class=\"elementor-widget-container\">\n\t\t\t\t\t\t\t<div class=\"elementor-divider\">\n\t\t\t<span class=\"elementor-divider-separator\">\n\t\t\t\t\t\t<\/span>\n\t\t<\/div>\n\t\t\t\t\t\t<\/div>\n\t\t\t\t<\/div>\n\t\t\t\t<div class=\"elementor-element elementor-element-48b4287 elementor-widget elementor-widget-text-editor\" data-id=\"48b4287\" data-element_type=\"widget\" data-widget_type=\"text-editor.default\">\n\t\t\t\t<div class=\"elementor-widget-container\">\n\t\t\t\t\t\t\t\t\t<p>Derni\u00e8re mise \u00e0 jour : 19\/08\/2025<\/p><p>Le site web \u0153uvre pour rendre son contenu accessible conform\u00e9ment aux R\u00e9glementations sur l&rsquo;\u00e9galit\u00e9 des droits pour les personnes handicap\u00e9es (Ajustements d&rsquo;accessibilit\u00e9 aux services), 5773-2013 (en Isra\u00ebl), et dans l&rsquo;esprit des directives de la Norme Isra\u00e9lienne 5568 pour l&rsquo;accessibilit\u00e9 des sites web et de la norme internationale WCAG 2.0 au niveau AA.<\/p><p>Ajustements r\u00e9alis\u00e9s :<\/p><p>Possibilit\u00e9 de modifier la taille du texte.<\/p><p>Contraste de couleurs \u00e9lev\u00e9.<\/p><p>Navigation au clavier.<\/p><p>Texte alternatif pour les images.<\/p><p>Structure du site claire et coh\u00e9rente.<\/p><p>Contact pour les questions d&rsquo;accessibilit\u00e9<\/p><p>Si vous avez rencontr\u00e9 un probl\u00e8me ou si vous avez une suggestion d&rsquo;am\u00e9lioration, veuillez nous en informer \u00e0 l&rsquo;adresse <a href=\"mailto:In**@**********co.il\" data-original-string=\"idqw4VjiUwStF9Sw49dMcQ==2e94IDcb1bCmdHRkV3NxomCY7c70MSSvrqeKTETJFDKWKE=\" title=\"This contact has been encoded by Anti-Spam by CleanTalk. Click to decode. To finish the decoding make sure that JavaScript is enabled in your browser.\"><span \n                data-original-string='Vd2qwBI+\/IpmIrIEuMYyYA==2e96uTVvSwMVdl3RRtTBD7XsWHUaQ3UzYdbLrXx7QL9yi0='\n                class='apbct-email-encoder'\n                title='This contact has been encoded by Anti-Spam by CleanTalk. Click to decode. To finish the decoding make sure that JavaScript is enabled in your browser.'>In<span class=\"apbct-blur\">**<\/span>@<span class=\"apbct-blur\">**********<\/span>co.il<\/span><\/a>.<\/p><p>Mise \u00e0 jour de la D\u00e9claration d&rsquo;accessibilit\u00e9<\/p><p>Cette d\u00e9claration a \u00e9t\u00e9 mise \u00e0 jour pour la derni\u00e8re fois \u00e0 la date indiqu\u00e9e en haut de la page, et nous nous engageons \u00e0 la mettre \u00e0 jour en fonction des changements apport\u00e9s au site.<\/p>\t\t\t\t\t\t\t\t<\/div>\n\t\t\t\t<\/div>\n\t\t\t\t\t<\/div>\n\t\t\t\t<\/div>\n\t\t\t\t<\/div>\n\t\t","protected":false},"excerpt":{"rendered":"<p>D\u00e9claration d&rsquo;accessibilit\u00e9 Derni\u00e8re mise \u00e0 jour : 19\/08\/2025 Le site web \u0153uvre pour rendre son contenu accessible conform\u00e9ment aux R\u00e9glementations sur l&rsquo;\u00e9galit\u00e9 des droits pour les personnes handicap\u00e9es (Ajustements d&rsquo;accessibilit\u00e9 aux services), 5773-2013 (en Isra\u00ebl), et dans l&rsquo;esprit des directives de la Norme Isra\u00e9lienne 5568 pour l&rsquo;accessibilit\u00e9 des sites web et de la norme internationale [&hellip;]<\/p>\n","protected":false},"author":1,"featured_media":0,"parent":0,"menu_order":0,"comment_status":"closed","ping_status":"closed","template":"","meta":{"_acf_changed":false,"footnotes":""},"class_list":["post-8622","page","type-page","status-publish","hentry"],"acf":[],"yoast_head":"<!-- This site is optimized with the Yoast SEO plugin v25.2 - https:\/\/yoast.com\/wordpress\/plugins\/seo\/ -->\n<title>D\u00e9claration d&#039;accessibilit\u00e9 - \u05d0\u05d1\u05d5\u05dc\u05e2\u05e4\u05d9\u05d4 \u05d0\u05d1\u05d9\u05d8\u05dc \u05d0\u05ea \u05e9\u05e8\u05e0\u05e1\u05e7\u05d9 \u05e8\u05d5\u05d0\u05d9 \u05d7\u05e9\u05d1\u05d5\u05df | Aboulafia, Avital, Shrensky &amp; Co. Accountants<\/title>\n<meta name=\"robots\" content=\"index, follow, max-snippet:-1, max-image-preview:large, max-video-preview:-1\" \/>\n<link rel=\"canonical\" href=\"https:\/\/aboulafia.co.il\/fr\/declaration-daccessibilite\/\" \/>\n<meta property=\"og:locale\" content=\"fr_FR\" \/>\n<meta property=\"og:type\" content=\"article\" \/>\n<meta property=\"og:title\" content=\"D\u00e9claration d&#039;accessibilit\u00e9 - \u05d0\u05d1\u05d5\u05dc\u05e2\u05e4\u05d9\u05d4 \u05d0\u05d1\u05d9\u05d8\u05dc \u05d0\u05ea \u05e9\u05e8\u05e0\u05e1\u05e7\u05d9 \u05e8\u05d5\u05d0\u05d9 \u05d7\u05e9\u05d1\u05d5\u05df | Aboulafia, Avital, Shrensky &amp; Co. Accountants\" \/>\n<meta property=\"og:description\" content=\"D\u00e9claration d&rsquo;accessibilit\u00e9 Derni\u00e8re mise \u00e0 jour : 19\/08\/2025 Le site web \u0153uvre pour rendre son contenu accessible conform\u00e9ment aux R\u00e9glementations sur l&rsquo;\u00e9galit\u00e9 des droits pour les personnes handicap\u00e9es (Ajustements d&rsquo;accessibilit\u00e9 aux services), 5773-2013 (en Isra\u00ebl), et dans l&rsquo;esprit des directives de la Norme Isra\u00e9lienne 5568 pour l&rsquo;accessibilit\u00e9 des sites web et de la norme internationale [&hellip;]\" \/>\n<meta property=\"og:url\" content=\"https:\/\/aboulafia.co.il\/fr\/declaration-daccessibilite\/\" \/>\n<meta property=\"og:site_name\" content=\"\u05d0\u05d1\u05d5\u05dc\u05e2\u05e4\u05d9\u05d4 \u05d0\u05d1\u05d9\u05d8\u05dc \u05d0\u05ea \u05e9\u05e8\u05e0\u05e1\u05e7\u05d9 \u05e8\u05d5\u05d0\u05d9 \u05d7\u05e9\u05d1\u05d5\u05df | Aboulafia, Avital, Shrensky &amp; Co. Accountants\" \/>\n<meta property=\"article:modified_time\" content=\"2025-10-13T08:18:43+00:00\" \/>\n<meta name=\"twitter:card\" content=\"summary_large_image\" \/>\n<meta name=\"twitter:label1\" content=\"Dur\u00e9e de lecture estim\u00e9e\" \/>\n\t<meta name=\"twitter:data1\" content=\"1 minute\" \/>\n<script type=\"application\/ld+json\" class=\"yoast-schema-graph\">{\"@context\":\"https:\/\/schema.org\",\"@graph\":[{\"@type\":\"WebPage\",\"@id\":\"https:\/\/aboulafia.co.il\/fr\/declaration-daccessibilite\/\",\"url\":\"https:\/\/aboulafia.co.il\/fr\/declaration-daccessibilite\/\",\"name\":\"D\u00e9claration d'accessibilit\u00e9 - \u05d0\u05d1\u05d5\u05dc\u05e2\u05e4\u05d9\u05d4 \u05d0\u05d1\u05d9\u05d8\u05dc \u05d0\u05ea \u05e9\u05e8\u05e0\u05e1\u05e7\u05d9 \u05e8\u05d5\u05d0\u05d9 \u05d7\u05e9\u05d1\u05d5\u05df | Aboulafia, Avital, Shrensky &amp; Co. Accountants\",\"isPartOf\":{\"@id\":\"https:\/\/aboulafia.co.il\/fr\/#website\"},\"datePublished\":\"2025-06-08T18:19:26+00:00\",\"dateModified\":\"2025-10-13T08:18:43+00:00\",\"breadcrumb\":{\"@id\":\"https:\/\/aboulafia.co.il\/fr\/declaration-daccessibilite\/#breadcrumb\"},\"inLanguage\":\"fr-FR\",\"potentialAction\":[{\"@type\":\"ReadAction\",\"target\":[\"https:\/\/aboulafia.co.il\/fr\/declaration-daccessibilite\/\"]}]},{\"@type\":\"BreadcrumbList\",\"@id\":\"https:\/\/aboulafia.co.il\/fr\/declaration-daccessibilite\/#breadcrumb\",\"itemListElement\":[{\"@type\":\"ListItem\",\"position\":1,\"name\":\"\u05d3\u05e3 \u05d4\u05d1\u05d9\u05ea\",\"item\":\"https:\/\/aboulafia.co.il\/fr\/\"},{\"@type\":\"ListItem\",\"position\":2,\"name\":\"D\u00e9claration d'accessibilit\u00e9\"}]},{\"@type\":\"WebSite\",\"@id\":\"https:\/\/aboulafia.co.il\/fr\/#website\",\"url\":\"https:\/\/aboulafia.co.il\/fr\/\",\"name\":\"\u05d0\u05d1\u05d5\u05dc\u05e2\u05e4\u05d9\u05d4 \u05d0\u05d1\u05d9\u05d8\u05dc \u05d0\u05ea \u05e9\u05e8\u05e0\u05e1\u05e7\u05d9 \u05e8\u05d5\u05d0\u05d9 \u05d7\u05e9\u05d1\u05d5\u05df | Aboulafia, Avital, Shrensky &amp; Co. Accountants\",\"description\":\"\u05de\u05e9\u05e8\u05d3 \u05e8\u05d5\u05d0\u05d9 \u05d7\u05e9\u05d1\u05d5\u05df  |  CPA firm\",\"potentialAction\":[{\"@type\":\"SearchAction\",\"target\":{\"@type\":\"EntryPoint\",\"urlTemplate\":\"https:\/\/aboulafia.co.il\/fr\/?s={search_term_string}\"},\"query-input\":{\"@type\":\"PropertyValueSpecification\",\"valueRequired\":true,\"valueName\":\"search_term_string\"}}],\"inLanguage\":\"fr-FR\"}]}<\/script>\n<!-- \/ Yoast SEO plugin. -->","yoast_head_json":{"title":"D\u00e9claration d'accessibilit\u00e9 - \u05d0\u05d1\u05d5\u05dc\u05e2\u05e4\u05d9\u05d4 \u05d0\u05d1\u05d9\u05d8\u05dc \u05d0\u05ea \u05e9\u05e8\u05e0\u05e1\u05e7\u05d9 \u05e8\u05d5\u05d0\u05d9 \u05d7\u05e9\u05d1\u05d5\u05df | Aboulafia, Avital, Shrensky &amp; Co. Accountants","robots":{"index":"index","follow":"follow","max-snippet":"max-snippet:-1","max-image-preview":"max-image-preview:large","max-video-preview":"max-video-preview:-1"},"canonical":"https:\/\/aboulafia.co.il\/fr\/declaration-daccessibilite\/","og_locale":"fr_FR","og_type":"article","og_title":"D\u00e9claration d'accessibilit\u00e9 - \u05d0\u05d1\u05d5\u05dc\u05e2\u05e4\u05d9\u05d4 \u05d0\u05d1\u05d9\u05d8\u05dc \u05d0\u05ea \u05e9\u05e8\u05e0\u05e1\u05e7\u05d9 \u05e8\u05d5\u05d0\u05d9 \u05d7\u05e9\u05d1\u05d5\u05df | Aboulafia, Avital, Shrensky &amp; Co. Accountants","og_description":"D\u00e9claration d&rsquo;accessibilit\u00e9 Derni\u00e8re mise \u00e0 jour : 19\/08\/2025 Le site web \u0153uvre pour rendre son contenu accessible conform\u00e9ment aux R\u00e9glementations sur l&rsquo;\u00e9galit\u00e9 des droits pour les personnes handicap\u00e9es (Ajustements d&rsquo;accessibilit\u00e9 aux services), 5773-2013 (en Isra\u00ebl), et dans l&rsquo;esprit des directives de la Norme Isra\u00e9lienne 5568 pour l&rsquo;accessibilit\u00e9 des sites web et de la norme internationale [&hellip;]","og_url":"https:\/\/aboulafia.co.il\/fr\/declaration-daccessibilite\/","og_site_name":"\u05d0\u05d1\u05d5\u05dc\u05e2\u05e4\u05d9\u05d4 \u05d0\u05d1\u05d9\u05d8\u05dc \u05d0\u05ea \u05e9\u05e8\u05e0\u05e1\u05e7\u05d9 \u05e8\u05d5\u05d0\u05d9 \u05d7\u05e9\u05d1\u05d5\u05df | Aboulafia, Avital, Shrensky &amp; Co. Accountants","article_modified_time":"2025-10-13T08:18:43+00:00","twitter_card":"summary_large_image","twitter_misc":{"Dur\u00e9e de lecture estim\u00e9e":"1 minute"},"schema":{"@context":"https:\/\/schema.org","@graph":[{"@type":"WebPage","@id":"https:\/\/aboulafia.co.il\/fr\/declaration-daccessibilite\/","url":"https:\/\/aboulafia.co.il\/fr\/declaration-daccessibilite\/","name":"D\u00e9claration d'accessibilit\u00e9 - \u05d0\u05d1\u05d5\u05dc\u05e2\u05e4\u05d9\u05d4 \u05d0\u05d1\u05d9\u05d8\u05dc \u05d0\u05ea \u05e9\u05e8\u05e0\u05e1\u05e7\u05d9 \u05e8\u05d5\u05d0\u05d9 \u05d7\u05e9\u05d1\u05d5\u05df | Aboulafia, Avital, Shrensky &amp; Co. Accountants","isPartOf":{"@id":"https:\/\/aboulafia.co.il\/fr\/#website"},"datePublished":"2025-06-08T18:19:26+00:00","dateModified":"2025-10-13T08:18:43+00:00","breadcrumb":{"@id":"https:\/\/aboulafia.co.il\/fr\/declaration-daccessibilite\/#breadcrumb"},"inLanguage":"fr-FR","potentialAction":[{"@type":"ReadAction","target":["https:\/\/aboulafia.co.il\/fr\/declaration-daccessibilite\/"]}]},{"@type":"BreadcrumbList","@id":"https:\/\/aboulafia.co.il\/fr\/declaration-daccessibilite\/#breadcrumb","itemListElement":[{"@type":"ListItem","position":1,"name":"\u05d3\u05e3 \u05d4\u05d1\u05d9\u05ea","item":"https:\/\/aboulafia.co.il\/fr\/"},{"@type":"ListItem","position":2,"name":"D\u00e9claration d'accessibilit\u00e9"}]},{"@type":"WebSite","@id":"https:\/\/aboulafia.co.il\/fr\/#website","url":"https:\/\/aboulafia.co.il\/fr\/","name":"\u05d0\u05d1\u05d5\u05dc\u05e2\u05e4\u05d9\u05d4 \u05d0\u05d1\u05d9\u05d8\u05dc \u05d0\u05ea \u05e9\u05e8\u05e0\u05e1\u05e7\u05d9 \u05e8\u05d5\u05d0\u05d9 \u05d7\u05e9\u05d1\u05d5\u05df | Aboulafia, Avital, Shrensky &amp; Co. Accountants","description":"\u05de\u05e9\u05e8\u05d3 \u05e8\u05d5\u05d0\u05d9 \u05d7\u05e9\u05d1\u05d5\u05df  |  CPA firm","potentialAction":[{"@type":"SearchAction","target":{"@type":"EntryPoint","urlTemplate":"https:\/\/aboulafia.co.il\/fr\/?s={search_term_string}"},"query-input":{"@type":"PropertyValueSpecification","valueRequired":true,"valueName":"search_term_string"}}],"inLanguage":"fr-FR"}]}},"_links":{"self":[{"href":"https:\/\/aboulafia.co.il\/fr\/wp-json\/wp\/v2\/pages\/8622","targetHints":{"allow":["GET"]}}],"collection":[{"href":"https:\/\/aboulafia.co.il\/fr\/wp-json\/wp\/v2\/pages"}],"about":[{"href":"https:\/\/aboulafia.co.il\/fr\/wp-json\/wp\/v2\/types\/page"}],"author":[{"embeddable":true,"href":"https:\/\/aboulafia.co.il\/fr\/wp-json\/wp\/v2\/users\/1"}],"replies":[{"embeddable":true,"href":"https:\/\/aboulafia.co.il\/fr\/wp-json\/wp\/v2\/comments?post=8622"}],"version-history":[{"count":1,"href":"https:\/\/aboulafia.co.il\/fr\/wp-json\/wp\/v2\/pages\/8622\/revisions"}],"predecessor-version":[{"id":8623,"href":"https:\/\/aboulafia.co.il\/fr\/wp-json\/wp\/v2\/pages\/8622\/revisions\/8623"}],"wp:attachment":[{"href":"https:\/\/aboulafia.co.il\/fr\/wp-json\/wp\/v2\/media?parent=8622"}],"curies":[{"name":"wp","href":"https:\/\/api.w.org\/{rel}","templated":true}]}}