{"id":8620,"date":"2025-09-03T13:32:56","date_gmt":"2025-09-03T13:32:56","guid":{"rendered":"https:\/\/aboulafia.co.il\/politique-de-confidentialite\/"},"modified":"2026-02-25T10:59:39","modified_gmt":"2026-02-25T10:59:39","slug":"politique-de-confidentialite","status":"publish","type":"page","link":"https:\/\/aboulafia.co.il\/fr\/politique-de-confidentialite\/","title":{"rendered":"Politique de confidentialit\u00e9"},"content":{"rendered":"\t\t<div data-elementor-type=\"wp-page\" data-elementor-id=\"8620\" class=\"elementor elementor-8620 elementor-7840\" data-elementor-post-type=\"page\">\n\t\t\t\t<div class=\"elementor-element elementor-element-29cff61 e-flex e-con-boxed e-con e-parent\" data-id=\"29cff61\" data-element_type=\"container\">\n\t\t\t\t\t<div class=\"e-con-inner\">\n\t\t\t\t<div class=\"elementor-element elementor-element-17a942f elementor-widget elementor-widget-heading\" data-id=\"17a942f\" data-element_type=\"widget\" data-widget_type=\"heading.default\">\n\t\t\t\t<div class=\"elementor-widget-container\">\n\t\t\t\t\t<h2 class=\"elementor-heading-title elementor-size-default\">Politique de confidentialit\u00e9\n<\/h2>\t\t\t\t<\/div>\n\t\t\t\t<\/div>\n\t\t\t\t<div class=\"elementor-element elementor-element-0ca11c6 elementor-widget-divider--view-line elementor-widget elementor-widget-divider\" data-id=\"0ca11c6\" data-element_type=\"widget\" data-widget_type=\"divider.default\">\n\t\t\t\t<div class=\"elementor-widget-container\">\n\t\t\t\t\t\t\t<div class=\"elementor-divider\">\n\t\t\t<span class=\"elementor-divider-separator\">\n\t\t\t\t\t\t<\/span>\n\t\t<\/div>\n\t\t\t\t\t\t<\/div>\n\t\t\t\t<\/div>\n\t\t\t\t<div class=\"elementor-element elementor-element-6791bcf elementor-widget elementor-widget-text-editor\" data-id=\"6791bcf\" data-element_type=\"widget\" data-widget_type=\"text-editor.default\">\n\t\t\t\t<div class=\"elementor-widget-container\">\n\t\t\t\t\t\t\t\t\t<p>Derni\u00e8re mise \u00e0 jour : 19\/08\/2025<\/p><p>Bienvenue Nous respectons la vie priv\u00e9e de nos utilisateurs et nous nous engageons \u00e0 prot\u00e9ger les informations personnelles que vous nous fournissez. Ce document d\u00e9taille la mani\u00e8re dont nous collectons, conservons, utilisons et prot\u00e9geons vos informations.<\/p><p>1. Collecte d&rsquo;informations<\/p><p>Les informations sont collect\u00e9es de deux mani\u00e8res :<\/p><p>Informations que vous fournissez volontairement \u2013 lors de l&rsquo;inscription sur le site, de l&rsquo;envoi d&rsquo;un formulaire de contact, d&rsquo;un achat ou de l&rsquo;utilisation d&rsquo;autres services.<\/p><p>Informations collect\u00e9es automatiquement \u2013 telles que l&rsquo;adresse IP, le type de navigateur, les donn\u00e9es de navigation, les cookies et les informations statistiques.<\/p><p>2. Utilisation des informations<\/p><p>Les informations seront utilis\u00e9es pour :<\/p><p>L&rsquo;exploitation et l&rsquo;am\u00e9lioration du site et des services.<\/p><p>R\u00e9pondre aux demandes de renseignements.<\/p><p>L&rsquo;envoi de mises \u00e0 jour et d&rsquo;offres (avec votre consentement uniquement).<\/p><p>Le respect des exigences l\u00e9gales.<\/p><p>3. Conservation des informations<\/p><p>Les informations sont conserv\u00e9es dans des syst\u00e8mes s\u00e9curis\u00e9s pour la p\u00e9riode n\u00e9cessaire aux fins pour lesquelles elles ont \u00e9t\u00e9 collect\u00e9es.<\/p><p>4. Transfert d&rsquo;informations \u00e0 des tiers<\/p><p>Les informations ne seront pas transf\u00e9r\u00e9es \u00e0 des tiers, sauf :<\/p><p>Avec le consentement de l&rsquo;utilisateur.<\/p><p>Si cela est n\u00e9cessaire \u00e0 la fourniture du service.<\/p><p>Tel que requis par la loi.<\/p><p>5. Cookies<\/p><p>Le site utilise des cookies pour le fonctionnement et l&rsquo;am\u00e9lioration de l&rsquo;exp\u00e9rience utilisateur. Il est possible de bloquer ou de supprimer les cookies via les param\u00e8tres du navigateur.<\/p><p>6. S\u00e9curit\u00e9 des informations<\/p><p>Des mesures de s\u00e9curit\u00e9 accept\u00e9es sont prises pour prot\u00e9ger les informations, mais il n&rsquo;est pas possible de garantir une s\u00e9curit\u00e9 totale.<\/p><p>7. Droits de l&rsquo;utilisateur<\/p><p>L&rsquo;utilisateur a le droit de consulter, de mettre \u00e0 jour ou de demander la suppression de ses informations personnelles conform\u00e9ment \u00e0 la loi.<\/p><p>8. Modifications de la politique<\/p><p>Cette politique est susceptible d&rsquo;\u00eatre mise \u00e0 jour de temps \u00e0 autre. La date de la derni\u00e8re mise \u00e0 jour appara\u00eetra en haut de la page.<\/p>\t\t\t\t\t\t\t\t<\/div>\n\t\t\t\t<\/div>\n\t\t\t\t\t<\/div>\n\t\t\t\t<\/div>\n\t\t\t\t<\/div>\n\t\t","protected":false},"excerpt":{"rendered":"<p>Politique de confidentialit\u00e9 Derni\u00e8re mise \u00e0 jour : 19\/08\/2025 Bienvenue Nous respectons la vie priv\u00e9e de nos utilisateurs et nous nous engageons \u00e0 prot\u00e9ger les informations personnelles que vous nous fournissez. Ce document d\u00e9taille la mani\u00e8re dont nous collectons, conservons, utilisons et prot\u00e9geons vos informations. 1. Collecte d&rsquo;informations Les informations sont collect\u00e9es de deux mani\u00e8res [&hellip;]<\/p>\n","protected":false},"author":1,"featured_media":0,"parent":0,"menu_order":0,"comment_status":"closed","ping_status":"closed","template":"","meta":{"_acf_changed":false,"footnotes":""},"class_list":["post-8620","page","type-page","status-publish","hentry"],"acf":[],"yoast_head":"<!-- This site is optimized with the Yoast SEO plugin v25.2 - https:\/\/yoast.com\/wordpress\/plugins\/seo\/ -->\n<title>Politique de confidentialit\u00e9 - \u05d0\u05d1\u05d5\u05dc\u05e2\u05e4\u05d9\u05d4 \u05d0\u05d1\u05d9\u05d8\u05dc \u05d0\u05ea \u05e9\u05e8\u05e0\u05e1\u05e7\u05d9 \u05e8\u05d5\u05d0\u05d9 \u05d7\u05e9\u05d1\u05d5\u05df | Aboulafia, Avital, Shrensky &amp; Co. Accountants<\/title>\n<meta name=\"robots\" content=\"index, follow, max-snippet:-1, max-image-preview:large, max-video-preview:-1\" \/>\n<link rel=\"canonical\" href=\"https:\/\/aboulafia.co.il\/fr\/politique-de-confidentialite\/\" \/>\n<meta property=\"og:locale\" content=\"fr_FR\" \/>\n<meta property=\"og:type\" content=\"article\" \/>\n<meta property=\"og:title\" content=\"Politique de confidentialit\u00e9 - \u05d0\u05d1\u05d5\u05dc\u05e2\u05e4\u05d9\u05d4 \u05d0\u05d1\u05d9\u05d8\u05dc \u05d0\u05ea \u05e9\u05e8\u05e0\u05e1\u05e7\u05d9 \u05e8\u05d5\u05d0\u05d9 \u05d7\u05e9\u05d1\u05d5\u05df | Aboulafia, Avital, Shrensky &amp; Co. Accountants\" \/>\n<meta property=\"og:description\" content=\"Politique de confidentialit\u00e9 Derni\u00e8re mise \u00e0 jour : 19\/08\/2025 Bienvenue Nous respectons la vie priv\u00e9e de nos utilisateurs et nous nous engageons \u00e0 prot\u00e9ger les informations personnelles que vous nous fournissez. Ce document d\u00e9taille la mani\u00e8re dont nous collectons, conservons, utilisons et prot\u00e9geons vos informations. 1. Collecte d&rsquo;informations Les informations sont collect\u00e9es de deux mani\u00e8res [&hellip;]\" \/>\n<meta property=\"og:url\" content=\"https:\/\/aboulafia.co.il\/fr\/politique-de-confidentialite\/\" \/>\n<meta property=\"og:site_name\" content=\"\u05d0\u05d1\u05d5\u05dc\u05e2\u05e4\u05d9\u05d4 \u05d0\u05d1\u05d9\u05d8\u05dc \u05d0\u05ea \u05e9\u05e8\u05e0\u05e1\u05e7\u05d9 \u05e8\u05d5\u05d0\u05d9 \u05d7\u05e9\u05d1\u05d5\u05df | Aboulafia, Avital, Shrensky &amp; Co. Accountants\" \/>\n<meta property=\"article:modified_time\" content=\"2026-02-25T10:59:39+00:00\" \/>\n<meta name=\"twitter:card\" content=\"summary_large_image\" \/>\n<meta name=\"twitter:label1\" content=\"Dur\u00e9e de lecture estim\u00e9e\" \/>\n\t<meta name=\"twitter:data1\" content=\"2 minutes\" \/>\n<script type=\"application\/ld+json\" class=\"yoast-schema-graph\">{\"@context\":\"https:\/\/schema.org\",\"@graph\":[{\"@type\":\"WebPage\",\"@id\":\"https:\/\/aboulafia.co.il\/fr\/politique-de-confidentialite\/\",\"url\":\"https:\/\/aboulafia.co.il\/fr\/politique-de-confidentialite\/\",\"name\":\"Politique de confidentialit\u00e9 - \u05d0\u05d1\u05d5\u05dc\u05e2\u05e4\u05d9\u05d4 \u05d0\u05d1\u05d9\u05d8\u05dc \u05d0\u05ea \u05e9\u05e8\u05e0\u05e1\u05e7\u05d9 \u05e8\u05d5\u05d0\u05d9 \u05d7\u05e9\u05d1\u05d5\u05df | Aboulafia, Avital, Shrensky &amp; Co. Accountants\",\"isPartOf\":{\"@id\":\"https:\/\/aboulafia.co.il\/fr\/#website\"},\"datePublished\":\"2025-09-03T13:32:56+00:00\",\"dateModified\":\"2026-02-25T10:59:39+00:00\",\"breadcrumb\":{\"@id\":\"https:\/\/aboulafia.co.il\/fr\/politique-de-confidentialite\/#breadcrumb\"},\"inLanguage\":\"fr-FR\",\"potentialAction\":[{\"@type\":\"ReadAction\",\"target\":[\"https:\/\/aboulafia.co.il\/fr\/politique-de-confidentialite\/\"]}]},{\"@type\":\"BreadcrumbList\",\"@id\":\"https:\/\/aboulafia.co.il\/fr\/politique-de-confidentialite\/#breadcrumb\",\"itemListElement\":[{\"@type\":\"ListItem\",\"position\":1,\"name\":\"\u05d3\u05e3 \u05d4\u05d1\u05d9\u05ea\",\"item\":\"https:\/\/aboulafia.co.il\/fr\/\"},{\"@type\":\"ListItem\",\"position\":2,\"name\":\"Politique de confidentialit\u00e9\"}]},{\"@type\":\"WebSite\",\"@id\":\"https:\/\/aboulafia.co.il\/fr\/#website\",\"url\":\"https:\/\/aboulafia.co.il\/fr\/\",\"name\":\"\u05d0\u05d1\u05d5\u05dc\u05e2\u05e4\u05d9\u05d4 \u05d0\u05d1\u05d9\u05d8\u05dc \u05d0\u05ea \u05e9\u05e8\u05e0\u05e1\u05e7\u05d9 \u05e8\u05d5\u05d0\u05d9 \u05d7\u05e9\u05d1\u05d5\u05df | Aboulafia, Avital, Shrensky &amp; Co. Accountants\",\"description\":\"\u05de\u05e9\u05e8\u05d3 \u05e8\u05d5\u05d0\u05d9 \u05d7\u05e9\u05d1\u05d5\u05df  |  CPA firm\",\"potentialAction\":[{\"@type\":\"SearchAction\",\"target\":{\"@type\":\"EntryPoint\",\"urlTemplate\":\"https:\/\/aboulafia.co.il\/fr\/?s={search_term_string}\"},\"query-input\":{\"@type\":\"PropertyValueSpecification\",\"valueRequired\":true,\"valueName\":\"search_term_string\"}}],\"inLanguage\":\"fr-FR\"}]}<\/script>\n<!-- \/ Yoast SEO plugin. -->","yoast_head_json":{"title":"Politique de confidentialit\u00e9 - \u05d0\u05d1\u05d5\u05dc\u05e2\u05e4\u05d9\u05d4 \u05d0\u05d1\u05d9\u05d8\u05dc \u05d0\u05ea \u05e9\u05e8\u05e0\u05e1\u05e7\u05d9 \u05e8\u05d5\u05d0\u05d9 \u05d7\u05e9\u05d1\u05d5\u05df | Aboulafia, Avital, Shrensky &amp; Co. Accountants","robots":{"index":"index","follow":"follow","max-snippet":"max-snippet:-1","max-image-preview":"max-image-preview:large","max-video-preview":"max-video-preview:-1"},"canonical":"https:\/\/aboulafia.co.il\/fr\/politique-de-confidentialite\/","og_locale":"fr_FR","og_type":"article","og_title":"Politique de confidentialit\u00e9 - \u05d0\u05d1\u05d5\u05dc\u05e2\u05e4\u05d9\u05d4 \u05d0\u05d1\u05d9\u05d8\u05dc \u05d0\u05ea \u05e9\u05e8\u05e0\u05e1\u05e7\u05d9 \u05e8\u05d5\u05d0\u05d9 \u05d7\u05e9\u05d1\u05d5\u05df | Aboulafia, Avital, Shrensky &amp; Co. Accountants","og_description":"Politique de confidentialit\u00e9 Derni\u00e8re mise \u00e0 jour : 19\/08\/2025 Bienvenue Nous respectons la vie priv\u00e9e de nos utilisateurs et nous nous engageons \u00e0 prot\u00e9ger les informations personnelles que vous nous fournissez. Ce document d\u00e9taille la mani\u00e8re dont nous collectons, conservons, utilisons et prot\u00e9geons vos informations. 1. Collecte d&rsquo;informations Les informations sont collect\u00e9es de deux mani\u00e8res [&hellip;]","og_url":"https:\/\/aboulafia.co.il\/fr\/politique-de-confidentialite\/","og_site_name":"\u05d0\u05d1\u05d5\u05dc\u05e2\u05e4\u05d9\u05d4 \u05d0\u05d1\u05d9\u05d8\u05dc \u05d0\u05ea \u05e9\u05e8\u05e0\u05e1\u05e7\u05d9 \u05e8\u05d5\u05d0\u05d9 \u05d7\u05e9\u05d1\u05d5\u05df | Aboulafia, Avital, Shrensky &amp; Co. Accountants","article_modified_time":"2026-02-25T10:59:39+00:00","twitter_card":"summary_large_image","twitter_misc":{"Dur\u00e9e de lecture estim\u00e9e":"2 minutes"},"schema":{"@context":"https:\/\/schema.org","@graph":[{"@type":"WebPage","@id":"https:\/\/aboulafia.co.il\/fr\/politique-de-confidentialite\/","url":"https:\/\/aboulafia.co.il\/fr\/politique-de-confidentialite\/","name":"Politique de confidentialit\u00e9 - \u05d0\u05d1\u05d5\u05dc\u05e2\u05e4\u05d9\u05d4 \u05d0\u05d1\u05d9\u05d8\u05dc \u05d0\u05ea \u05e9\u05e8\u05e0\u05e1\u05e7\u05d9 \u05e8\u05d5\u05d0\u05d9 \u05d7\u05e9\u05d1\u05d5\u05df | Aboulafia, Avital, Shrensky &amp; Co. Accountants","isPartOf":{"@id":"https:\/\/aboulafia.co.il\/fr\/#website"},"datePublished":"2025-09-03T13:32:56+00:00","dateModified":"2026-02-25T10:59:39+00:00","breadcrumb":{"@id":"https:\/\/aboulafia.co.il\/fr\/politique-de-confidentialite\/#breadcrumb"},"inLanguage":"fr-FR","potentialAction":[{"@type":"ReadAction","target":["https:\/\/aboulafia.co.il\/fr\/politique-de-confidentialite\/"]}]},{"@type":"BreadcrumbList","@id":"https:\/\/aboulafia.co.il\/fr\/politique-de-confidentialite\/#breadcrumb","itemListElement":[{"@type":"ListItem","position":1,"name":"\u05d3\u05e3 \u05d4\u05d1\u05d9\u05ea","item":"https:\/\/aboulafia.co.il\/fr\/"},{"@type":"ListItem","position":2,"name":"Politique de confidentialit\u00e9"}]},{"@type":"WebSite","@id":"https:\/\/aboulafia.co.il\/fr\/#website","url":"https:\/\/aboulafia.co.il\/fr\/","name":"\u05d0\u05d1\u05d5\u05dc\u05e2\u05e4\u05d9\u05d4 \u05d0\u05d1\u05d9\u05d8\u05dc \u05d0\u05ea \u05e9\u05e8\u05e0\u05e1\u05e7\u05d9 \u05e8\u05d5\u05d0\u05d9 \u05d7\u05e9\u05d1\u05d5\u05df | Aboulafia, Avital, Shrensky &amp; Co. Accountants","description":"\u05de\u05e9\u05e8\u05d3 \u05e8\u05d5\u05d0\u05d9 \u05d7\u05e9\u05d1\u05d5\u05df  |  CPA firm","potentialAction":[{"@type":"SearchAction","target":{"@type":"EntryPoint","urlTemplate":"https:\/\/aboulafia.co.il\/fr\/?s={search_term_string}"},"query-input":{"@type":"PropertyValueSpecification","valueRequired":true,"valueName":"search_term_string"}}],"inLanguage":"fr-FR"}]}},"_links":{"self":[{"href":"https:\/\/aboulafia.co.il\/fr\/wp-json\/wp\/v2\/pages\/8620","targetHints":{"allow":["GET"]}}],"collection":[{"href":"https:\/\/aboulafia.co.il\/fr\/wp-json\/wp\/v2\/pages"}],"about":[{"href":"https:\/\/aboulafia.co.il\/fr\/wp-json\/wp\/v2\/types\/page"}],"author":[{"embeddable":true,"href":"https:\/\/aboulafia.co.il\/fr\/wp-json\/wp\/v2\/users\/1"}],"replies":[{"embeddable":true,"href":"https:\/\/aboulafia.co.il\/fr\/wp-json\/wp\/v2\/comments?post=8620"}],"version-history":[{"count":4,"href":"https:\/\/aboulafia.co.il\/fr\/wp-json\/wp\/v2\/pages\/8620\/revisions"}],"predecessor-version":[{"id":9180,"href":"https:\/\/aboulafia.co.il\/fr\/wp-json\/wp\/v2\/pages\/8620\/revisions\/9180"}],"wp:attachment":[{"href":"https:\/\/aboulafia.co.il\/fr\/wp-json\/wp\/v2\/media?parent=8620"}],"curies":[{"name":"wp","href":"https:\/\/api.w.org\/{rel}","templated":true}]}}